{"id":396,"date":"2021-06-01T16:53:22","date_gmt":"2021-06-01T14:53:22","guid":{"rendered":"https:\/\/eoffice-gmbh.de\/?post_type=product&#038;p=396"},"modified":"2023-05-21T13:11:31","modified_gmt":"2023-05-21T11:11:31","slug":"business-cards","status":"publish","type":"product","link":"https:\/\/eoffice-gmbh.de\/en\/shop\/print\/business-cards\/","title":{"rendered":"Business Cards"},"content":{"rendered":"<p>Wir drucken ihre Business Cards anhand von ihnen bereitgestellten Daten oder entwerfen sie nach ihren Vorgaben. Wir drucken auf 225 g\/m\u00b2 Standard-Karten mit den Ma\u00dfen 85&#215;55 mm Achtung! W\u00e4hrend der Messelaufzeit bedrucken wir ihre Business-Cards aus technischen Gr\u00fcnden nur einseitig!<\/p>\n<div class=\"fcbkbttn_buttons_block\" id=\"fcbkbttn_right\"><div class=\"fcbkbttn_like\"><fb:like href=\"https:\/\/eoffice-gmbh.de\/en\/shop\/print\/business-cards\/\" action=\"like\" colorscheme=\"light\" layout=\"box_count\"  size=\"small\"><\/fb:like><\/div><div class=\"fb-share-button\" data-href=\"https:\/\/eoffice-gmbh.de\/en\/shop\/print\/business-cards\/\" data-type=\"button_count\" data-size=\"small\"><\/div><\/div>","protected":false},"excerpt":{"rendered":"<p>Business Cards ab 35 \u20ac (20 Stck.)<\/p>","protected":false},"featured_media":399,"template":"","meta":{"_et_pb_use_builder":"off","_et_pb_old_content":"Wir drucken ihre Business Cards anhand von ihnen bereitgestellten Daten oder entwerfen sie nach ihren Vorgaben.\r\n\r\nWir drucken auf 225 g\/m\u00b2 Standard-Karten mit den Ma\u00dfen 85x55 mm\r\n\r\nAchtung! W\u00e4hrend der Messelaufzeit bedrucken wir ihre Business-Cards aus technischen Gr\u00fcnden nur einseitig!","_et_gb_content_width":""},"product_brand":[],"product_cat":[36],"product_tag":[],"class_list":{"0":"post-396","1":"product","2":"type-product","3":"status-publish","4":"has-post-thumbnail","6":"product_cat-print","7":"product_shipping_class-abholung","9":"first","10":"instock","11":"taxable","12":"shipping-taxable","13":"product-type-variable","14":"has-default-attributes"},"_links":{"self":[{"href":"https:\/\/eoffice-gmbh.de\/en\/wp-json\/wp\/v2\/product\/396","targetHints":{"allow":["GET"]}}],"collection":[{"href":"https:\/\/eoffice-gmbh.de\/en\/wp-json\/wp\/v2\/product"}],"about":[{"href":"https:\/\/eoffice-gmbh.de\/en\/wp-json\/wp\/v2\/types\/product"}],"wp:featuredmedia":[{"embeddable":true,"href":"https:\/\/eoffice-gmbh.de\/en\/wp-json\/wp\/v2\/media\/399"}],"wp:attachment":[{"href":"https:\/\/eoffice-gmbh.de\/en\/wp-json\/wp\/v2\/media?parent=396"}],"wp:term":[{"taxonomy":"product_brand","embeddable":true,"href":"https:\/\/eoffice-gmbh.de\/en\/wp-json\/wp\/v2\/product_brand?post=396"},{"taxonomy":"product_cat","embeddable":true,"href":"https:\/\/eoffice-gmbh.de\/en\/wp-json\/wp\/v2\/product_cat?post=396"},{"taxonomy":"product_tag","embeddable":true,"href":"https:\/\/eoffice-gmbh.de\/en\/wp-json\/wp\/v2\/product_tag?post=396"}],"curies":[{"name":"wp","href":"https:\/\/api.w.org\/{rel}","templated":true}]}}