{"id":201,"date":"2019-01-23T17:56:40","date_gmt":"2019-01-23T16:56:40","guid":{"rendered":"http:\/\/eoffice-gmbh.de\/datenschutzvereinbarungen\/"},"modified":"2019-01-23T17:56:40","modified_gmt":"2019-01-23T16:56:40","slug":"datenschutzvereinbarungen","status":"publish","type":"page","link":"https:\/\/eoffice-gmbh.de\/en\/datenschutzvereinbarungen\/","title":{"rendered":"Datenschutzvereinbarungen"},"content":{"rendered":"<h1>Datenschutzerkl\u00e4rung<\/h1>\n<p><p>In dieser Datenschutzerkl\u00e4rung informieren wir Sie \u00fcber die Verarbeitung Ihrer personenbezogenen Daten.<\/p>\n<p> Sofern Sie Ihre Datenschutzeinstellungen \u00e4ndern m\u00f6chten (Einwilligungen erteilen oder bereits erteilte Einwilligungen widerrufen), klicken Sie <a target=\"_blank\" href=\"#\" class=\"sp-dsgvo-show-privacy-popup\">hier<\/a> um Ihre Einstellungen zu \u00e4ndern.<\/p>\n<h2>Verantwortlich<\/h2>\n<p>, , Wiedfeldtstra\u00dfe 21 a,  , Deutschland, <a href=\"mailto:info@eoffice-gmbh.de\">info@eoffice-gmbh.de<\/a>, +49201426362550<\/p>\n<h2>Web Shop<\/h2>\n<p><p>Wir bieten Ihnen die M\u00f6glichkeit, Produkte direkt \u00fcber unseren Webshop zu erwerben. Im Rahmen des Webshops erfolgt eine Verarbeitung der von Ihnen eingegebenen Daten sowie Daten zu von Ihnen ausgew\u00e4hlten Produkten durch den Verantwortlichen zur Durchf\u00fchrung der Angebotslegung, des Vertragsabschlusses, der Vertragserf\u00fcllung sowie zur Erf\u00fcllung eventueller nachvertraglicher Verpflichtungen vor Vertragsabschluss auf Grundlage des von Ihnen initiierten vorvertraglichen Verh\u00e4ltnisses und nach Vertragsabschluss aufgrund des Vertrages gem. Art. 6 Abs. 1 lit. b DSGVO.<\/p>\n<p>Sofern der Kauf unserer Produkte \u00fcber einen bereits bestehenden Kunden-Account erfolgt ist oder ein Kunden-Account zur Abwicklung des Kaufs erstellt wurde, erfolgt die Verarbeitung Ihrer personenbezogenen Daten bis zur L\u00f6schung Ihres Kunden-Accounts.<\/p>\n<p>Bei Kunden, welche unsere Produkte \u00fcber ein Gast-Profil erworben haben, erfolgt die Verarbeitung Ihrer personenbezogenen Daten bis zum Ablauf der gesetzlichen Aufbewahrungspflichten.<\/p>\n<p> Es erfolgt eine mit dem Zweck der Vertragserf\u00fcllung zu vereinbarende Weiterverarbeitung Ihrer Daten zum Zweck des Direktmarketings in nicht einwilligungspflichtigen Formen wie dem adressierten postalischen Versand von Werbung bis auf Widerspruch.<\/p>\n<p>Es besteht keine gesetzliche oder vertragliche Verpflichtung zur Bereitstellung der personenbezogenen Daten. Die Bereitstellung ist jedoch zum Vertragsabschluss erforderlich. Die Nichtbereitstellung hat zur Folge, dass kein Vertragsabschluss erfolgen kann.<\/p>\n<p>Warenk\u00f6rbe von nicht registrierten Benutzern werden nach l\u00e4ngstens 14 Tagen gel\u00f6scht. Die Benutzerkonten registrierter Benutzer bleiben bis zur L\u00f6schung des Kontos durch den Benutzer bestehen. Vertragsdaten werden bis zur Verj\u00e4hrung m\u00f6glicher nachvertraglicher Verpflichtungen verarbeitet. <\/p>\n<\/p>\n<h2>Widerspruchsrecht<\/h2>\n<p><p>Sofern die Verarbeitung Ihrer personenbezogenen Daten auf Grundlage des berechtigten Interesses erfolgt, haben Sie das Recht gegen diese Verarbeitung zu widersprechen.<\/p>\n<p>Sofern keine zwingenden schutzw\u00fcrdigen Gr\u00fcnde f\u00fcr die Verarbeitung unsererseits vorliegen, wird die Verarbeitung Ihrer Daten auf Basis dieser Rechtsgrundlage eingestellt.<\/p>\n<p>Zudem haben Sie das Recht, der Verarbeitung Ihrer personenbezogenen Daten zum Zweck der Direktwerbung zu widersprechen. Im Fall des Widerspruchs werden Ihre personenbezogenen Daten nicht mehr zum Zweck der Direktwerbung verarbeitet.<\/p>\n<p>Die Rechtm\u00e4\u00dfigkeit der bis zum Widerspruch verarbeiteten Daten wird durch den Widerspruch nicht ber\u00fchrt.<\/p>\n<\/p>\n<h2>Widerrufsrecht<\/h2>\n<p><p>Sie haben das Recht eine bereits erteilte Einwilligung jederzeit zu widerrufen, indem Sie die <a target=\"_blank\" class=\"lwb-ppsp\" href=\"#\" title=\"Datenschutzeinstellungen\">Datenschutzeinstellungen<\/a> \u00e4ndern.<\/p>\n<p>Im Fall der Einwilligung in den Erhalt elektronischer Werbung kann der Widerruf Ihrer Einwilligung durch Klick auf den Abmeldelink erfolgen. In diesem Fall wird eine Verarbeitung, sofern keine andere Rechtsgrundlage besteht, eingestellt.<\/p>\n<p>Die Rechtm\u00e4\u00dfigkeit der bis zum Widerruf verarbeiteten Daten wird durch den Widerruf nicht ber\u00fchrt.<\/p>\n<\/p>\n<h2>Betroffenenrechte<\/h2>\n<p><p>Sie haben zudem das Recht auf Auskunft, Berichtigung, L\u00f6schung und Einschr\u00e4nkung der Verarbeitung der personenbezogenen Daten.<\/p>\n<p>Soweit die Rechtsgrundlage der Verarbeitung Ihrer personenbezogenen Daten in Ihrer Einwilligung oder in einem mit Ihnen abgeschlossenen Vertrag besteht, haben Sie \u00fcberdies das Recht auf Daten\u00fcbertragbarkeit. <\/p>\n<p>Weiters haben Sie das Recht auf Beschwerde bei der Aufsichtsbeh\u00f6rde. N\u00e4here Informationen zu den Aufsichtsbeh\u00f6rden in der Europ\u00e4ischen Union finden Sie <a target=\"_blank\" href=\"https:\/\/ec.europa.eu\/justice\/article-29\/structure\/data-protection-authorities\/index_en.htm\" title=\"Datenschutzbeh\u00f6rden\">hier<\/a>.<\/p><\/p>\n<div class=\"fcbkbttn_buttons_block\" id=\"fcbkbttn_right\"><div class=\"fcbkbttn_like\"><fb:like href=\"https:\/\/eoffice-gmbh.de\/en\/datenschutzvereinbarungen\/\" action=\"like\" colorscheme=\"light\" layout=\"box_count\"  size=\"small\"><\/fb:like><\/div><div class=\"fb-share-button\" data-href=\"https:\/\/eoffice-gmbh.de\/en\/datenschutzvereinbarungen\/\" data-type=\"button_count\" data-size=\"small\"><\/div><\/div>\n<div class=\"fcbkbttn_buttons_block\" id=\"fcbkbttn_right\"><div class=\"fcbkbttn_like\"><fb:like href=\"https:\/\/eoffice-gmbh.de\/en\/datenschutzvereinbarungen\/\" action=\"like\" colorscheme=\"light\" layout=\"box_count\"  size=\"small\"><\/fb:like><\/div><div class=\"fb-share-button\" data-href=\"https:\/\/eoffice-gmbh.de\/en\/datenschutzvereinbarungen\/\" data-type=\"button_count\" data-size=\"small\"><\/div><\/div>","protected":false},"excerpt":{"rendered":"","protected":false},"author":1,"featured_media":0,"parent":0,"menu_order":0,"comment_status":"closed","ping_status":"closed","template":"","meta":{"_et_pb_use_builder":"","_et_pb_old_content":"","_et_gb_content_width":"","footnotes":""},"class_list":["post-201","page","type-page","status-publish","hentry"],"_links":{"self":[{"href":"https:\/\/eoffice-gmbh.de\/en\/wp-json\/wp\/v2\/pages\/201","targetHints":{"allow":["GET"]}}],"collection":[{"href":"https:\/\/eoffice-gmbh.de\/en\/wp-json\/wp\/v2\/pages"}],"about":[{"href":"https:\/\/eoffice-gmbh.de\/en\/wp-json\/wp\/v2\/types\/page"}],"author":[{"embeddable":true,"href":"https:\/\/eoffice-gmbh.de\/en\/wp-json\/wp\/v2\/users\/1"}],"replies":[{"embeddable":true,"href":"https:\/\/eoffice-gmbh.de\/en\/wp-json\/wp\/v2\/comments?post=201"}],"version-history":[{"count":0,"href":"https:\/\/eoffice-gmbh.de\/en\/wp-json\/wp\/v2\/pages\/201\/revisions"}],"wp:attachment":[{"href":"https:\/\/eoffice-gmbh.de\/en\/wp-json\/wp\/v2\/media?parent=201"}],"curies":[{"name":"wp","href":"https:\/\/api.w.org\/{rel}","templated":true}]}}