{"id":110,"date":"2018-07-29T15:49:52","date_gmt":"2018-07-29T13:49:52","guid":{"rendered":"http:\/\/eoffice-gmbh.de\/?page_id=110"},"modified":"2025-05-18T11:23:08","modified_gmt":"2025-05-18T09:23:08","slug":"imprint","status":"publish","type":"page","link":"https:\/\/eoffice-gmbh.de\/en\/imprint\/","title":{"rendered":"Imprint"},"content":{"rendered":"<p>[et_pb_section fb_built=&#8220;1&#8243; admin_label=&#8220;section&#8220; _builder_version=&#8220;4.16&#8243; global_colors_info=&#8220;{}&#8220;][et_pb_row admin_label=&#8220;row&#8220; _builder_version=&#8220;4.16&#8243; background_size=&#8220;initial&#8220; background_position=&#8220;top_left&#8220; background_repeat=&#8220;repeat&#8220; global_colors_info=&#8220;{}&#8220;][et_pb_column type=&#8220;4_4&#8243; _builder_version=&#8220;4.16&#8243; custom_padding=&#8220;|||&#8220; global_colors_info=&#8220;{}&#8220; custom_padding__hover=&#8220;|||&#8220;][et_pb_text admin_label=&#8220;Text&#8220; _builder_version=&#8220;4.27.4&#8243; background_size=&#8220;initial&#8220; background_position=&#8220;top_left&#8220; background_repeat=&#8220;repeat&#8220; hover_enabled=&#8220;0&#8243; global_colors_info=&#8220;{}&#8220; sticky_enabled=&#8220;0&#8243;]<\/p>\n<p>eOffice GmbH<\/p>\n<p>Wiedfeldtstra\u00dfe 21a<\/p>\n<p>45133 Essen<\/p>\n<p>HRB 25356<\/p>\n<p>VAT-ID: DE207067729<\/p>\n<p>Tel. +49 1749079731<\/p>\n<p>info (@) eoffice-gmbh.de<\/p>\n<p>Gesch\u00e4ftsf\u00fchrer: Dipl.-Ing. J\u00f6rg Asthoff<\/p>\n<p>[\/et_pb_text][\/et_pb_column][\/et_pb_row][\/et_pb_section]<\/p>\n<div class=\"fcbkbttn_buttons_block\" id=\"fcbkbttn_right\"><div class=\"fcbkbttn_like \"><fb:like href=\"https:\/\/eoffice-gmbh.de\/en\/imprint\/\" action=\"like\" colorscheme=\"light\" layout=\"box_count\"  size=\"small\"><\/fb:like><\/div><div class=\"fb-share-button  \" data-href=\"https:\/\/eoffice-gmbh.de\/en\/imprint\/\" data-type=\"button_count\" data-size=\"small\"><\/div><\/div>","protected":false},"excerpt":{"rendered":"<p>eOffice GmbH Wiedfeldtstra\u00dfe 21a 45133 Essen HRB 25356 VAT-ID: DE207067729 Tel. +49 1749079731 info (@) eoffice-gmbh.de Gesch\u00e4ftsf\u00fchrer: Dipl.-Ing. J\u00f6rg Asthoff<\/p>","protected":false},"author":1,"featured_media":0,"parent":0,"menu_order":0,"comment_status":"closed","ping_status":"closed","template":"","meta":{"_et_pb_use_builder":"on","_et_pb_old_content":"eOffice GmbH\n\nWiedfeldtstra\u00dfe 21 a\n\n45133 Essen\n\nHRB 25356\n\nVAT-ID: DE207067729\n\nTel. +49 201 426362550\n\nFax +49 201 426362559\n\ninfo (@) eoffice-gmbh.de\n\nGesch\u00e4ftsf\u00fchrer: Dipl.-Ing. J\u00f6rg Asthoff","_et_gb_content_width":"","footnotes":""},"class_list":["post-110","page","type-page","status-publish","hentry"],"_links":{"self":[{"href":"https:\/\/eoffice-gmbh.de\/en\/wp-json\/wp\/v2\/pages\/110","targetHints":{"allow":["GET"]}}],"collection":[{"href":"https:\/\/eoffice-gmbh.de\/en\/wp-json\/wp\/v2\/pages"}],"about":[{"href":"https:\/\/eoffice-gmbh.de\/en\/wp-json\/wp\/v2\/types\/page"}],"author":[{"embeddable":true,"href":"https:\/\/eoffice-gmbh.de\/en\/wp-json\/wp\/v2\/users\/1"}],"replies":[{"embeddable":true,"href":"https:\/\/eoffice-gmbh.de\/en\/wp-json\/wp\/v2\/comments?post=110"}],"version-history":[{"count":5,"href":"https:\/\/eoffice-gmbh.de\/en\/wp-json\/wp\/v2\/pages\/110\/revisions"}],"predecessor-version":[{"id":590,"href":"https:\/\/eoffice-gmbh.de\/en\/wp-json\/wp\/v2\/pages\/110\/revisions\/590"}],"wp:attachment":[{"href":"https:\/\/eoffice-gmbh.de\/en\/wp-json\/wp\/v2\/media?parent=110"}],"curies":[{"name":"wp","href":"https:\/\/api.w.org\/{rel}","templated":true}]}}